{"id":11741,"date":"2025-06-05T17:35:43","date_gmt":"2025-06-05T14:35:43","guid":{"rendered":"https:\/\/baysalmanoto.com\/?page_id=11741"},"modified":"2025-08-11T12:55:00","modified_gmt":"2025-08-11T09:55:00","slug":"scania","status":"publish","type":"page","link":"https:\/\/baysalmanoto.com\/en\/scania\/","title":{"rendered":"SCANIA DIFFERENTIAL PARTS"},"content":{"rendered":"<h2 class=\"wp-block-heading\"><strong>Axle and Sp\u0131der Gear Sets<\/strong><\/h2><figure class=\"wp-block-table\"><table class=\"has-fixed-layout\"><thead><tr><th>Code<\/th><th>Description<\/th><th>Compatible Year<\/th><th>Number of Bolts<\/th><\/tr><\/thead><tbody><tr><td>R 780.100<\/td><td>SPIDER REPAIR KIT 1998 &#8211; 2012<\/td><td>1998 &#8211; 2012<\/td><td>16-Bolt<\/td><\/tr><tr><td>R 780.105<\/td><td>DIFFERENTIAL HOUSING 1998 &#8211; 2012<\/td><td>1998 &#8211; 2012<\/td><td>16-Bolt<\/td><\/tr><tr><td>R 780.200<\/td><td>DIFFERENTIAL HOUSING FULL<\/td><td><\/td><td>16-Bolt<\/td><\/tr><tr><td>R 780.110<\/td><td>R 780 AKS ve \u0130ST. D\u0130\u015eL\u0130 PUL TAKIMI<\/td><td><\/td><td>16-Bolt<\/td><\/tr><tr><td>R 780.115<\/td><td>R 780 DIFFERENTIAL HOUSING BOLTS<\/td><td><\/td><td>16-Bolt<\/td><\/tr><tr><td>R 885.100<\/td><td>SPIDER REPAIR KIT 2012 &#8211; 2017<\/td><td>2012 &#8211; 2017<\/td><td>18-Bolt<\/td><\/tr><tr><td>R 885.105<\/td><td>DIFFERENTIAL HOUSING 24.5 cm 2012 &#8211; 2017<\/td><td>2012 &#8211; 2017<\/td><td>18-Bolt<\/td><\/tr><tr><td>R 885.106<\/td><td>DIFFERENTIAL HOUSING LONG TYPE 25.5 cm 2017 &#8211; \u2026<\/td><td>2017 &#8211; &#8230;<\/td><td>18-Bolt<\/td><\/tr><tr><td>R 885.200<\/td><td>DIFFERENTIAL HOUSING FULL<\/td><td><\/td><td>18-Bolt<\/td><\/tr><tr><td>R 885.110<\/td><td>WASHER KIT<\/td><td><\/td><td>18-Bolt<\/td><\/tr><\/tbody><\/table><\/figure><h2 class=\"wp-block-heading\"><strong>Seal and P\u0131n\u0131on Parts<\/strong><\/h2><figure class=\"wp-block-table\"><table class=\"has-fixed-layout\"><thead><tr><th>Code<\/th><th>Description<\/th><th>References<\/th><\/tr><\/thead><tbody><tr><td>R 780.102<\/td><td>R 780 PINION OIL SEAL<\/td><td>16-Bolt<\/td><\/tr><\/tbody><\/table><\/figure><h2 class=\"wp-block-heading\"><strong>Bearings (P\u0131n\u0131on, S\u0131de Adjustment, York, Wheel<\/strong>)<\/h2><figure class=\"wp-block-table\"><table class=\"has-fixed-layout\"><thead><tr><th>Code<\/th><th>Description<\/th><th>Reference Code \/ Notes<\/th><\/tr><\/thead><tbody><tr><td>543562<\/td><td>R 780 DIFFERENTIAL BEARING <\/td><td>VKT 8776, (315465)<\/td><\/tr><tr><td>H 913842 \/ 810<\/td><td>R 780 &#8211; R 885 DIFFERENTIAL BEARING <\/td><td>VKT 8627, (264700)<\/td><\/tr><tr><td>805262<\/td><td>R 780 &#8211; R 885 DIFFERENTIAL BEARING <\/td><td>VKT 8796, (1768383)<\/td><\/tr><tr><td>33018<\/td><td>R 780 DIFFERENTIAL BEARING <\/td><td>VKT 8798, (1309570)<\/td><\/tr><tr><td>JHM 522649 \/ 610<\/td><td>R 780 DIFFERENTIAL BEARING<\/td><td>(1309568), (1728135)<\/td><\/tr><tr><td>SET 301<\/td><td>SCANIA R 780 DIFFERENTIAL BEARING KIT<\/td><td><\/td><\/tr><tr><td>1777531<\/td><td>R 885 DIFFERENTIAL BEARING <\/td><td>(1777531)<\/td><\/tr><tr><td>32022 X<\/td><td>R 885 DIFFERENTIAL BEARING <\/td><td>(362226)<\/td><\/tr><tr><td>HM 624749 \/ 710<\/td><td>R 885 DIFFERENTIAL BEARING <\/td><td>(1785751)<\/td><\/tr><tr><td>SET 302<\/td><td>SCANIA R 885 DIFFERENTIAL BEARING KIT<\/td><td><\/td><\/tr><tr><td>32220<\/td><td>SCANIA YORK BEARING<\/td><td><\/td><\/tr><tr><td>32316<\/td><td>SCANIA YORK BEARING<\/td><td><\/td><\/tr><tr><td>BA2B 309609 AD<\/td><td>ENGINE BEARING <\/td><td>527243, (1313361)<\/td><\/tr><tr><td>BTH 0018 A<\/td><td>SCANIA FRONT WHEEL BEARING <\/td><td>SET 1231, VKBA 5314<\/td><\/tr><\/tbody><\/table><\/figure>","protected":false},"excerpt":{"rendered":"<p>Axle and Sp\u0131der Gear Sets Code Description Compatible Year Number&hellip;<\/p>\n<p> <a class=\"more-link\" href=\"https:\/\/baysalmanoto.com\/en\/scania\/\">Daha fazla oku<\/a><\/p>\n","protected":false},"author":1,"featured_media":0,"parent":0,"menu_order":0,"comment_status":"closed","ping_status":"closed","template":"","meta":{"footnotes":""},"class_list":["post-11741","page","type-page","status-publish"],"_links":{"self":[{"href":"https:\/\/baysalmanoto.com\/en\/wp-json\/wp\/v2\/pages\/11741","targetHints":{"allow":["GET"]}}],"collection":[{"href":"https:\/\/baysalmanoto.com\/en\/wp-json\/wp\/v2\/pages"}],"about":[{"href":"https:\/\/baysalmanoto.com\/en\/wp-json\/wp\/v2\/types\/page"}],"author":[{"embeddable":true,"href":"https:\/\/baysalmanoto.com\/en\/wp-json\/wp\/v2\/users\/1"}],"replies":[{"embeddable":true,"href":"https:\/\/baysalmanoto.com\/en\/wp-json\/wp\/v2\/comments?post=11741"}],"version-history":[{"count":14,"href":"https:\/\/baysalmanoto.com\/en\/wp-json\/wp\/v2\/pages\/11741\/revisions"}],"predecessor-version":[{"id":12154,"href":"https:\/\/baysalmanoto.com\/en\/wp-json\/wp\/v2\/pages\/11741\/revisions\/12154"}],"wp:attachment":[{"href":"https:\/\/baysalmanoto.com\/en\/wp-json\/wp\/v2\/media?parent=11741"}],"curies":[{"name":"wp","href":"https:\/\/api.w.org\/{rel}","templated":true}]}}