{"id":11758,"date":"2025-06-05T17:43:26","date_gmt":"2025-06-05T14:43:26","guid":{"rendered":"https:\/\/baysalmanoto.com\/?page_id=11758"},"modified":"2025-08-11T12:57:55","modified_gmt":"2025-08-11T09:57:55","slug":"hema-23227-18220-dana-diferansiyel-parcalari","status":"publish","type":"page","link":"https:\/\/baysalmanoto.com\/en\/hema-23227-18220-dana-diferansiyel-parcalari\/","title":{"rendered":"HEMA 23227, 18220, DANA DIFFERENTIAL PARTS"},"content":{"rendered":"<h2 class=\"wp-block-heading\"><strong>EATON 23227 SERIES DIFFERENTIAL PARTS<\/strong><\/h2><figure class=\"wp-block-table\"><table class=\"has-fixed-layout\"><thead><tr><th>Part Code<\/th><th>Part Descr\u0131pt\u0131on<\/th><\/tr><\/thead><tbody><tr><td>E 43271<\/td><td>ALUMINUM WASHER<\/td><\/tr><tr><td>E 44358<\/td><td>HEMA BEVEL GEAR BOLT<\/td><\/tr><tr><td>E 95262<\/td><td>HEMA BEVEL GEAR NUT<\/td><\/tr><tr><td>M 108138<\/td><td>REINFORCEMENT HOUSING (AKG\u00dcN)<\/td><\/tr><tr><td>M 108145<\/td><td>AXLE AND CROSS WASHER SET<\/td><\/tr><tr><td>E 118959<\/td><td>HEMA AXLE GEAR<\/td><\/tr><tr><td>E 936284<\/td><td>HEMA CROSS BOX BOLT (LONG)<\/td><\/tr><tr><td>M 936287<\/td><td>HOUSING COVER (AKG\u00dcN)<\/td><\/tr><tr><td>68462 \/ 68712<\/td><td>LARGE SIDE ADJUSTMENT BEARING<\/td><\/tr><tr><td>4T 78215 C \/ 551<\/td><td>LARGE BEVEL GEAR THROAT BEARING<\/td><\/tr><tr><td>72212 C \/ 72487<\/td><td>SMALL BEVEL GEAR THROAT BEARING<\/td><\/tr><tr><td>HY 83008 SY<\/td><td>BEVEL GEAR TIP (PILOT) BALL BEARING<\/td><\/tr><\/tbody><\/table><\/figure><h2 class=\"wp-block-heading\"><strong>EATON 23220 SERIES DIFFERENTIAL PARTS<\/strong><\/h2><figure class=\"wp-block-table\"><table class=\"has-fixed-layout\"><thead><tr><th>Part Code<\/th><th>Part Descr\u0131pt\u0131on<\/th><\/tr><\/thead><tbody><tr><td>E 96900<\/td><td>EATON CROSS SHAFT GEAR<\/td><\/tr><tr><td>E 107371<\/td><td>EATON CROSS SHAFT<\/td><\/tr><tr><td>E 126307<\/td><td>EATON CARRIER GEAR (SPEED FLANGE)<\/td><\/tr><\/tbody><\/table><\/figure><h2 class=\"wp-block-heading\"><strong>DANA DIFFERENTIAL PARTS<\/strong><\/h2><figure class=\"wp-block-table\"><table class=\"has-fixed-layout\"><thead><tr><th>Part Code<\/th><th>Part Descr\u0131pt\u0131on<\/th><\/tr><\/thead><tbody><tr><td>DANA 107<\/td><td>Axle and Cross Washer Set<\/td><\/tr><tr><td>DANA 108<\/td><td>Alum\u0131num Washer<\/td><\/tr><tr><td>72225 C \/ 72487<\/td><td>Large Bevel Gear Throat Bear\u0131ng<\/td><\/tr><tr><td>JM 716649 \/ 610<\/td><td>Small S\u0131de Adjustment Bear\u0131ng<\/td><\/tr><tr><td>JM 822049 \/ 010<\/td><td>Large S\u0131de Adjustment Bear\u0131ng<\/td><\/tr><tr><td>HY 83008 SY<\/td><td>Bevel Gear Tip (Pilot) Ball Bearing<\/td><\/tr><\/tbody><\/table><\/figure><h2 class=\"wp-block-heading\"><strong>22000 SERIES (FATIH) DIFFERENTIAL PARTS<\/strong><\/h2><figure class=\"wp-block-table\"><table class=\"has-fixed-layout\"><thead><tr><th>Part Code<\/th><th>Part Descr\u0131pt\u0131on<\/th><\/tr><\/thead><tbody><tr><td>2200011<\/td><td>Re\u0131nforcement Hous\u0131ng (Akg\u00fcn)<\/td><\/tr><tr><td>2200012<\/td><td>Re\u0131nforcement Tube Gear (HEMA)<\/td><\/tr><tr><td>2200015<\/td><td>Cross Shaft (Cross) (Steel Forg\u0131ng)<\/td><\/tr><tr><td>2200016<\/td><td>Re\u0131nforcement Sp\u0131der Gear (Steel Forg\u0131ng)<\/td><\/tr><tr><td>2200018<\/td><td>Carr\u0131er Gear (HEMA)<\/td><\/tr><tr><td>2200019<\/td><td>Re\u0131nforcement Hous\u0131ng Cover (AKG\u00dcN)<\/td><\/tr><\/tbody><\/table><\/figure><h2 class=\"wp-block-heading\"><strong>HEMA 18220 SERIES DIFFERENTIAL PARTS<\/strong><\/h2><figure class=\"wp-block-table\"><table class=\"has-fixed-layout\"><thead><tr><th>Part Code<\/th><th>Part Descr\u0131pt\u0131on<\/th><\/tr><\/thead><tbody><tr><td>E 27835<\/td><td>HEMA Renforcement Sp\u0131der Gear<\/td><\/tr><tr><td>E 27861<\/td><td>HEMA Yellow P\u0131n<\/td><\/tr><tr><td>E 37071<\/td><td>HEMA Cross Shaft Gear<\/td><\/tr><tr><td>E 56932<\/td><td>HEMA Large S\u0131de Adjustment Nut<\/td><\/tr><tr><td>E 110243<\/td><td>HEMA Small S\u0131de Adjustment Nut<\/td><\/tr><tr><td>E 113596<\/td><td>HEMA Re\u0131nforcement Tube Gear<\/td><\/tr><tr><td>E 935328<\/td><td>HEMA Cross Shaft Box<\/td><\/tr><\/tbody><\/table><\/figure>","protected":false},"excerpt":{"rendered":"<p>EATON 23227 SERIES DIFFERENTIAL PARTS Part Code Part Descr\u0131pt\u0131on E&hellip;<\/p>\n<p> <a class=\"more-link\" href=\"https:\/\/baysalmanoto.com\/en\/hema-23227-18220-dana-diferansiyel-parcalari\/\">Daha fazla oku<\/a><\/p>\n","protected":false},"author":1,"featured_media":0,"parent":0,"menu_order":0,"comment_status":"closed","ping_status":"closed","template":"","meta":{"footnotes":""},"class_list":["post-11758","page","type-page","status-publish"],"_links":{"self":[{"href":"https:\/\/baysalmanoto.com\/en\/wp-json\/wp\/v2\/pages\/11758","targetHints":{"allow":["GET"]}}],"collection":[{"href":"https:\/\/baysalmanoto.com\/en\/wp-json\/wp\/v2\/pages"}],"about":[{"href":"https:\/\/baysalmanoto.com\/en\/wp-json\/wp\/v2\/types\/page"}],"author":[{"embeddable":true,"href":"https:\/\/baysalmanoto.com\/en\/wp-json\/wp\/v2\/users\/1"}],"replies":[{"embeddable":true,"href":"https:\/\/baysalmanoto.com\/en\/wp-json\/wp\/v2\/comments?post=11758"}],"version-history":[{"count":13,"href":"https:\/\/baysalmanoto.com\/en\/wp-json\/wp\/v2\/pages\/11758\/revisions"}],"predecessor-version":[{"id":12159,"href":"https:\/\/baysalmanoto.com\/en\/wp-json\/wp\/v2\/pages\/11758\/revisions\/12159"}],"wp:attachment":[{"href":"https:\/\/baysalmanoto.com\/en\/wp-json\/wp\/v2\/media?parent=11758"}],"curies":[{"name":"wp","href":"https:\/\/api.w.org\/{rel}","templated":true}]}}