{"id":11785,"date":"2025-06-10T01:38:27","date_gmt":"2025-06-09T22:38:27","guid":{"rendered":"https:\/\/baysalmanoto.com\/?page_id=11785"},"modified":"2025-08-11T12:59:05","modified_gmt":"2025-08-11T09:59:05","slug":"mercedes-cift-ceker-diferansiyel-parcalari","status":"publish","type":"page","link":"https:\/\/baysalmanoto.com\/en\/mercedes-cift-ceker-diferansiyel-parcalari\/","title":{"rendered":"MERCEDES INTERMEDIATE AND REAR DIFFERENTIAL PARTS"},"content":{"rendered":"<h2 class=\"wp-block-heading\"><strong>Control Un\u0131ts and Gears<\/strong><\/h2><figure class=\"wp-block-table\"><table class=\"has-fixed-layout\"><thead><tr><th>Code<\/th><th>Descr\u0131pt\u0131on<\/th><th>Model<\/th><th>Brand<\/th><\/tr><\/thead><tbody><tr><td>C 350 9823<\/td><td>MERCEDES DIFFERENTIAL GEAR SET SMALL<\/td><td>2521 &#8211; 3031<\/td><td><\/td><\/tr><tr><td>C 353 0085<\/td><td>MERCEDES DIFFERENTIAL GEAR SET BIG<\/td><td>3328<\/td><td><\/td><\/tr><tr><td>C 350 2223<\/td><td>MERCEDES DIFFERENTIAL GEAR SET 4140<\/td><td>4140 &#8211; 3340<\/td><td><\/td><\/tr><tr><td>C 4.62.2<\/td><td>MERCEDES SUN GEAR 4140<\/td><td>4140 &#8211; 3340<\/td><td><\/td><\/tr><tr><td>C 4.62.3<\/td><td>MERCEDES GEAR 4140<\/td><td>4140 &#8211; 3340<\/td><td><\/td><\/tr><\/tbody><\/table><\/figure><h2 class=\"wp-block-heading\"><strong>Cross Shaft Box and Kits<\/strong><\/h2><figure class=\"wp-block-table\"><table class=\"has-fixed-layout\"><thead><tr><th>Code<\/th><th>Descr\u0131pt\u0131on<\/th><th>Measurement \/ Detail<\/th><th>Brand<\/th><\/tr><\/thead><tbody><tr><td>C 353 0401<\/td><td>AXOR 4140 HOUSING FULL<\/td><td><\/td><td>ROTOMEX<\/td><\/tr><tr><td>C 353 0101<\/td><td>MERCEDES 3028 HOUSING FULL<\/td><td><\/td><td>ROTOMEX<\/td><\/tr><tr><td>C 350 1323<\/td><td>HOUSING FULL SMALL<\/td><td><\/td><td>ROTOMEX<\/td><\/tr><tr><td>C 350 0427<\/td><td>HOUSING FULL BIG SHORT<\/td><td>8,5 &#8211; 10,5 CM<\/td><td>ROTOMEX<\/td><\/tr><tr><td>C 353 0506<\/td><td>HOUSING FULL BIG MEDIUM<\/td><td>24*26 \/ 10 &#8211; 9 CM<\/td><td>ROTOMEX<\/td><\/tr><tr><td>C 350 1623<\/td><td>HOUSING FULL BIG LONG<\/td><td>11,2 &#8211; 7,8 CM<\/td><td>ROTOMEX<\/td><\/tr><\/tbody><\/table><\/figure><h2 class=\"wp-block-heading\"><strong>Gear and Washer Sets<\/strong><\/h2><figure class=\"wp-block-table\"><table class=\"has-fixed-layout\"><thead><tr><th>Code<\/th><th>Descr\u0131pt\u0131on<\/th><th>Brand<\/th><\/tr><\/thead><tbody><tr><td>C 4.4.4<\/td><td>BIG DIFFERENTIAL REPAIR KIT<\/td><td>CORA<\/td><\/tr><tr><td>C 4.3.10<\/td><td>SMALL DIF. WASHER KIT<\/td><td>CORA<\/td><\/tr><tr><td>C 4.4.10<\/td><td>BIG DIF. WASHER KIT<\/td><td>CORA<\/td><\/tr><tr><td>C 4.5.10<\/td><td>4140 NEW DIF. WASHER KIT<\/td><td>CORA<\/td><\/tr><\/tbody><\/table><\/figure><h2 class=\"wp-block-heading\"><strong>Drive Stones and Covers<\/strong><\/h2><figure class=\"wp-block-table\"><table class=\"has-fixed-layout\"><thead><tr><th>Code \/ Part No<\/th><th>Descr\u0131pt\u0131on<\/th><th>Brand<\/th><\/tr><\/thead><tbody><tr><td>C 4.50.4<\/td><td>MERCEDES 26 BELL HUB<\/td><td>ROTOMEX<\/td><\/tr><tr><td>C 4.50.5<\/td><td>MERCEDES 24,5 BELL HUB<\/td><td>ROTOMEX<\/td><\/tr><tr><td>C 4.50.7<\/td><td>MERCEDES 24 BELL HUB<\/td><td>ROTOMEX<\/td><\/tr><tr><td>C 4.52.13 \/ 9423510008<\/td><td>BIG DIF. FRONT COVER TGA &#8211; AXOR<\/td><td>ROTOMEX<\/td><\/tr><tr><td>C 4.52.14 \/ 9443510008<\/td><td>SMALL DIF. FRONT COVER TGA &#8211; AXOR<\/td><td>ROTOMEX<\/td><\/tr><\/tbody><\/table><\/figure><h2 class=\"wp-block-heading\"><strong>Mirror Gearbox Kits (Front and Rear)<\/strong><\/h2><figure class=\"wp-block-table\"><table class=\"has-fixed-layout\"><thead><tr><th>Code<\/th><th>Descr\u0131pt\u0131on<\/th><th>Ratio<\/th><th>Brand<\/th><\/tr><\/thead><tbody><tr><td>HTV 3028.2128<\/td><td>CROWN WHEEL PINION FRONT<\/td><td>21 \/ 28<\/td><td>HTV<\/td><\/tr><tr><td>HTV 300.2128<\/td><td>CROWN WHEEL PINION REAR<\/td><td>21 \/ 28<\/td><td>HTV<\/td><\/tr><tr><td>HTV 300.2429<\/td><td>CROWN WHEEL PINION REAR<\/td><td>24 \/ 29<\/td><td>HTV<\/td><\/tr><\/tbody><\/table><\/figure>","protected":false},"excerpt":{"rendered":"<p>Control Un\u0131ts and Gears Code Descr\u0131pt\u0131on Model Brand C 350&hellip;<\/p>\n<p> <a class=\"more-link\" href=\"https:\/\/baysalmanoto.com\/en\/mercedes-cift-ceker-diferansiyel-parcalari\/\">Daha fazla oku<\/a><\/p>\n","protected":false},"author":1,"featured_media":0,"parent":0,"menu_order":0,"comment_status":"closed","ping_status":"closed","template":"","meta":{"footnotes":""},"class_list":["post-11785","page","type-page","status-publish"],"_links":{"self":[{"href":"https:\/\/baysalmanoto.com\/en\/wp-json\/wp\/v2\/pages\/11785","targetHints":{"allow":["GET"]}}],"collection":[{"href":"https:\/\/baysalmanoto.com\/en\/wp-json\/wp\/v2\/pages"}],"about":[{"href":"https:\/\/baysalmanoto.com\/en\/wp-json\/wp\/v2\/types\/page"}],"author":[{"embeddable":true,"href":"https:\/\/baysalmanoto.com\/en\/wp-json\/wp\/v2\/users\/1"}],"replies":[{"embeddable":true,"href":"https:\/\/baysalmanoto.com\/en\/wp-json\/wp\/v2\/comments?post=11785"}],"version-history":[{"count":6,"href":"https:\/\/baysalmanoto.com\/en\/wp-json\/wp\/v2\/pages\/11785\/revisions"}],"predecessor-version":[{"id":12161,"href":"https:\/\/baysalmanoto.com\/en\/wp-json\/wp\/v2\/pages\/11785\/revisions\/12161"}],"wp:attachment":[{"href":"https:\/\/baysalmanoto.com\/en\/wp-json\/wp\/v2\/media?parent=11785"}],"curies":[{"name":"wp","href":"https:\/\/api.w.org\/{rel}","templated":true}]}}