{"id":11800,"date":"2025-06-11T23:38:56","date_gmt":"2025-06-11T20:38:56","guid":{"rendered":"https:\/\/baysalmanoto.com\/?page_id=11800"},"modified":"2025-08-11T12:53:25","modified_gmt":"2025-08-11T09:53:25","slug":"tofas-4x4-pickup-diferansiyel-parcalari","status":"publish","type":"page","link":"https:\/\/baysalmanoto.com\/en\/tofas-4x4-pickup-diferansiyel-parcalari\/","title":{"rendered":"TOFA\u015e &#8211; 4X4 PICKUP DIFFERENTIAL PARTS"},"content":{"rendered":"<h2 class=\"wp-block-heading\"><strong>Crown Wheel and P\u0131n\u0131on Gear L\u0131st<\/strong><\/h2><figure class=\"wp-block-table\"><table class=\"has-fixed-layout\"><thead><tr><th><strong>Product Code<\/strong><\/th><th><strong>Vehicle Make \/ Model<\/strong><\/th><th><strong>Number of Teeth<\/strong><\/th><th><strong>Description<\/strong><\/th><\/tr><\/thead><tbody><tr><td><strong>HTV 185.1041<\/strong><\/td><td>TOFA\u015e CROWN WHEEL PINION<\/td><td>10 \/ 41<\/td><td>Crown Wheel and P\u0131n\u0131on Gear<\/td><\/tr><tr><td><strong>LMZ 185.1041<\/strong><\/td><td>TOFA\u015e CROWN WHEEL PINION<\/td><td>10 \/ 41<\/td><td>Crown Wheel and P\u0131n\u0131on Gear<\/td><\/tr><tr><td><strong>HTV 200.0837<\/strong><\/td><td>NISSAN SKYSTAR CROWN WHEEL PINION<\/td><td>8 \/ 37<\/td><td>Crown Wheel and P\u0131n\u0131on  Gear<\/td><\/tr><tr><td><strong>HTV 205.1141<\/strong><\/td><td>TOYOTA HILUX, LAND CRUISER FRONT<\/td><td>11 \/ 41<\/td><td>Crown Wheel and P\u0131n\u0131on  Gear<\/td><\/tr><tr><td><strong>HTV 205.1143<\/strong><\/td><td>TOYOTA HILUX, LAND CRUISER FRONT<\/td><td>11 \/ 43<\/td><td>Crown Wheel and P\u0131n\u0131on Gear<\/td><\/tr><\/tbody><\/table><\/figure><p><\/p>","protected":false},"excerpt":{"rendered":"<p>Crown Wheel and P\u0131n\u0131on Gear L\u0131st Product Code Vehicle Make&hellip;<\/p>\n<p> <a class=\"more-link\" href=\"https:\/\/baysalmanoto.com\/en\/tofas-4x4-pickup-diferansiyel-parcalari\/\">Daha fazla oku<\/a><\/p>\n","protected":false},"author":1,"featured_media":0,"parent":0,"menu_order":0,"comment_status":"closed","ping_status":"closed","template":"","meta":{"footnotes":""},"class_list":["post-11800","page","type-page","status-publish"],"_links":{"self":[{"href":"https:\/\/baysalmanoto.com\/en\/wp-json\/wp\/v2\/pages\/11800","targetHints":{"allow":["GET"]}}],"collection":[{"href":"https:\/\/baysalmanoto.com\/en\/wp-json\/wp\/v2\/pages"}],"about":[{"href":"https:\/\/baysalmanoto.com\/en\/wp-json\/wp\/v2\/types\/page"}],"author":[{"embeddable":true,"href":"https:\/\/baysalmanoto.com\/en\/wp-json\/wp\/v2\/users\/1"}],"replies":[{"embeddable":true,"href":"https:\/\/baysalmanoto.com\/en\/wp-json\/wp\/v2\/comments?post=11800"}],"version-history":[{"count":7,"href":"https:\/\/baysalmanoto.com\/en\/wp-json\/wp\/v2\/pages\/11800\/revisions"}],"predecessor-version":[{"id":12153,"href":"https:\/\/baysalmanoto.com\/en\/wp-json\/wp\/v2\/pages\/11800\/revisions\/12153"}],"wp:attachment":[{"href":"https:\/\/baysalmanoto.com\/en\/wp-json\/wp\/v2\/media?parent=11800"}],"curies":[{"name":"wp","href":"https:\/\/api.w.org\/{rel}","templated":true}]}}