{"id":11802,"date":"2025-06-11T23:42:18","date_gmt":"2025-06-11T20:42:18","guid":{"rendered":"https:\/\/baysalmanoto.com\/?page_id=11802"},"modified":"2025-08-11T12:50:19","modified_gmt":"2025-08-11T09:50:19","slug":"eurocambi-rockwell-fuwa-diferansiyel-rulmanlari","status":"publish","type":"page","link":"https:\/\/baysalmanoto.com\/en\/eurocambi-rockwell-fuwa-diferansiyel-rulmanlari\/","title":{"rendered":"EUROCAMBI ROCKWELL &#8211; FUWA DIFFERENTIAL BEARINGS"},"content":{"rendered":"<h2 class=\"wp-block-heading\"><strong>ROCKWELL \/ FUWA BEARINGS<\/strong><\/h2><figure class=\"wp-block-table\"><table class=\"has-fixed-layout\"><thead><tr><th>Part No<br><\/th><th>Definition<br><\/th><th>Description<br><\/th><\/tr><\/thead><tbody><tr><td>BCI B 320308 A<\/td><td>DIFFERENTIAL BEARING<\/td><td><\/td><\/tr><tr><td>JHM 720249 \/ 210<\/td><td>DIFFERENTIAL BEARING<\/td><td><\/td><\/tr><tr><td>64450 \/ 64700<\/td><td>DIFFERENTIAL BEARING<\/td><td><\/td><\/tr><tr><td>H 715334 \/ 311<\/td><td>DIFFERENTIAL BEARING<\/td><td><\/td><\/tr><tr><td>9278 \/ 9220<\/td><td>DIFFERENTIAL BEARING<\/td><td><\/td><\/tr><tr><td>SET 101<\/td><td>DIFFERENTIAL BEARING KIT<\/td><td>Sealed<\/td><\/tr><\/tbody><\/table><\/figure><h2 class=\"wp-block-heading\"><strong>FUWA &#8211; F MAX<\/strong><\/h2><figure class=\"wp-block-table\"><table class=\"has-fixed-layout\"><thead><tr><th>Part No<\/th><th>Description<\/th><\/tr><\/thead><tbody><tr><td>9380 \/ 9321<\/td><td>FUWA DIFFERENTIAL BEARING<\/td><\/tr><tr><td>31314 X<\/td><td>FUWA DIFFERENTIAL BEARING<\/td><\/tr><tr><td>32022 X<\/td><td>FUWA DIFFERENTIAL BEARING<\/td><\/tr><tr><td>32021 X<\/td><td>FUWA DIFFERENTIAL BEARING<\/td><\/tr><tr><td>NP 331249 \/ 32021<\/td><td>FUWA DIFFERENTIAL BEARING<\/td><\/tr><tr><td>SET 401<\/td><td>FUWA DIFFERENTIAL BEARING KIT<\/td><\/tr><tr><td>SET 402<\/td><td>FUWA DIFFERENTIAL BEARING KIT<\/td><\/tr><tr><td>SET 403<\/td><td>FUWA DIFFERENTIAL BEARING KIT<\/td><\/tr><\/tbody><\/table><\/figure><h2 class=\"wp-block-heading\"><strong>FORD 4142 \/ 4140<\/strong><\/h2><figure class=\"wp-block-table\"><table class=\"has-fixed-layout\"><thead><tr><th>Part No<\/th><th>Description<\/th><\/tr><\/thead><tbody><tr><td>31315<\/td><td>FORD 4142 &#8211; 4140 DIFFERENTIAL BEARING<\/td><\/tr><tr><td>32016<\/td><td>FORD 4142 &#8211; 4140 DIFFERENTIAL BEARING<\/td><\/tr><tr><td>HM 911245 \/ 210<\/td><td>FORD DIFFERENTIAL BEARING<\/td><\/tr><tr><td>33214<\/td><td>FORD 4142 &#8211; 4140 DIFFERENTIAL BEARING<\/td><\/tr><\/tbody><\/table><\/figure><h2 class=\"wp-block-heading\">EUROCAMBI AXOR &#8211; AROCS DIFFERENTIAL BEARINGS<\/h2><figure class=\"wp-block-table\"><table class=\"has-fixed-layout\"><thead><tr><th>Part No<\/th><th>Description<\/th><\/tr><\/thead><tbody><tr><td>805015<\/td><td>DIFFERENTIAL BEARING<\/td><\/tr><tr><td>801794<\/td><td>DIFFERENTIAL BEARING<\/td><\/tr><tr><td>32020 X<\/td><td>DIFFERENTIAL BEARING<\/td><\/tr><tr><td>32024 X \/ XL<\/td><td>DIFFERENTIAL BEARING<\/td><\/tr><tr><td>SET 102<\/td><td>DIFFERENTIAL BEARING KIT<\/td><\/tr><\/tbody><\/table><\/figure><h2 class=\"wp-block-heading\">EUROCAMBI SCANIA DIFFERENTIAL BEARINGS<\/h2><p><strong>R 780<\/strong><\/p><figure class=\"wp-block-table\"><table class=\"has-fixed-layout\"><thead><tr><th>Part No<\/th><th>Description<\/th><th>OEM<\/th><\/tr><\/thead><tbody><tr><td>543562<\/td><td>DIFFERENTIAL BEARING<\/td><td>VKT 8776, 315465<\/td><\/tr><tr><td>H 913842 \/ 810<\/td><td>DIFFERENTIAL BEARING<\/td><td>VKT 8627, 264700<\/td><\/tr><tr><td>805262<\/td><td>DIFFERENTIAL BEARING<\/td><td>VKT 8796, 1768383<\/td><\/tr><tr><td>33018<\/td><td>DIFFERENTIAL BEARING<\/td><td>VKT 8798, 1309570<\/td><\/tr><tr><td>JHM 522649 \/ 610<\/td><td>DIFFERENTIAL BEARING<\/td><td>1309568, 1728135<\/td><\/tr><tr><td>SET 301<\/td><td>SCANIA R 780 DIFFERENTIAL BEARING KIT<\/td><td><\/td><\/tr><\/tbody><\/table><\/figure><p><strong>R 885<\/strong><\/p><figure class=\"wp-block-table\"><table class=\"has-fixed-layout\"><thead><tr><th>Part No<\/th><th>Description<\/th><th>OEM<\/th><\/tr><\/thead><tbody><tr><td>1777531<\/td><td>DIFFERENTIAL BEARING<\/td><td>1777531<\/td><\/tr><tr><td>32022 X<\/td><td>DIFFERENTIAL BEARING<\/td><td>362226<\/td><\/tr><tr><td>HM 624749 \/ 710<\/td><td>DIFFERENTIAL BEARING<\/td><td>1785751<\/td><\/tr><tr><td>SET 302<\/td><td>SCANIA R 885 DIFFERENTIAL BEARING KIT<\/td><td><\/td><\/tr><\/tbody><\/table><\/figure><p><strong>YORK<\/strong><\/p><figure class=\"wp-block-table\"><table class=\"has-fixed-layout\"><thead><tr><th>Part No<\/th><th>Definition<\/th><\/tr><\/thead><tbody><tr><td>32220<\/td><td>SCANIA YORK BEARING<\/td><\/tr><tr><td>32316<\/td><td>SCANIA YORK BEARING<\/td><\/tr><\/tbody><\/table><\/figure><h2 class=\"wp-block-heading\">DAF DIFFERENTIAL BEARINGS<\/h2><figure class=\"wp-block-table\"><table class=\"has-fixed-layout\"><thead><tr><th>Part No<\/th><th>Definition<\/th><th>OEM<\/th><\/tr><\/thead><tbody><tr><td>546439<\/td><td>DIFFERENTIAL BEARING<\/td><td>384812<\/td><\/tr><tr><td>31313<\/td><td>DIFFERENTIAL BEARING<\/td><td>384810<\/td><\/tr><tr><td>BC1B 322722<\/td><td>DIFFERENTIAL BEARING<\/td><td>1291189, 2148494<\/td><\/tr><tr><td>576376<\/td><td>DIFFERENTIAL BEARING<\/td><td>658448<\/td><\/tr><tr><td>33021 X<\/td><td>DIFFERENTIAL BEARING<\/td><td>266488<\/td><\/tr><tr><td>SET 501<\/td><td>DIFFERENTIAL BEARING<\/td><td><\/td><\/tr><\/tbody><\/table><\/figure><p><strong>EUROCAMBI 23227 SERIAL DIFFERENTIAL BEARING<\/strong><\/p><figure class=\"wp-block-table\"><table class=\"has-fixed-layout\"><thead><tr><th>Part No<\/th><th>Definition<\/th><\/tr><\/thead><tbody><tr><td>68462 \/ 68712<\/td><td>DIFFERENTIAL BEARING<\/td><\/tr><tr><td>4T 78215 C \/ 551<\/td><td>DIFFERENTIAL BEARING<\/td><\/tr><tr><td>72212 C \/ 72487<\/td><td>DIFFERENTIAL BEARING<\/td><\/tr><tr><td>HY 83008 SY<\/td><td>DIFFERENTIAL BEARING<\/td><\/tr><\/tbody><\/table><\/figure><h2 class=\"wp-block-heading\">EUROCAMBI DANA DIFFERENTIAL BEARINGS<\/h2><figure class=\"wp-block-table\"><table class=\"has-fixed-layout\"><thead><tr><th>Part No<\/th><th>Definition<\/th><\/tr><\/thead><tbody><tr><td>72225 C \/ 72487<\/td><td>DIFFERENTIAL BEARING<\/td><\/tr><tr><td>JM 716649 \/ 610<\/td><td>DIFFERENTIAL BEARING<\/td><\/tr><tr><td>JM 822049 \/ 010<\/td><td>DIFFERENTIAL BEARING<\/td><\/tr><tr><td>HY 83008 SY<\/td><td>DIFFERENTIAL BEARING<\/td><\/tr><\/tbody><\/table><\/figure><h2 class=\"wp-block-heading\"><strong>FORD TRANSIT BEARINGS<\/strong><\/h2><figure class=\"wp-block-table\"><table class=\"has-fixed-layout\"><thead><tr><th>Part No<\/th><th>Definition<\/th><th>Note<\/th><\/tr><\/thead><tbody><tr><td>HM 803146 \/ 110<\/td><td>Mahrut\u0131 Large Bear\u0131ng<\/td><td><\/td><\/tr><tr><td>HM 88542 \/ 510<\/td><td>Mahrut\u0131 Small Bear\u0131ng<\/td><td><\/td><\/tr><tr><td>LM 603049 \/ 011<\/td><td>Side Adjustment Bear\u0131ng (V184)<\/td><td>8\/37 &#8211; 8\/41<\/td><\/tr><tr><td>387 A \/ 382 S<\/td><td>Axle S\u0131de Adjustment Bear\u0131ng<\/td><td>9\/46 &#8211; 11\/47<\/td><\/tr><tr><td>STB 4489<\/td><td>Axle D\u0131fferent\u0131al Mahrut\u0131 Large Bear\u0131ng<\/td><td><\/td><\/tr><tr><td>HM 88510 N \/ 547 N<\/td><td>Axle D\u0131fferent\u0131al Mahrut\u0131 Small Bear\u0131ng<\/td><td><\/td><\/tr><tr><td>SET 201<\/td><td>V184 Bear\u0131ng Set (Sealed)<\/td><td><\/td><\/tr><tr><td>SET 202<\/td><td>Axle Jumbo D\u0131fferent\u0131al Bear\u0131ng Set<\/td><td><\/td><\/tr><tr><td>SET 203<\/td><td>Axle New D\u0131fferent\u0131al Bear\u0131ng Set<\/td><td><\/td><\/tr><\/tbody><\/table><\/figure><h2 class=\"wp-block-heading\"><strong>SPRINTER \/ CRAFTER BEARINGS<\/strong><\/h2><figure class=\"wp-block-table\"><table class=\"has-fixed-layout\"><thead><tr><th>Part No<\/th><th>Definition<\/th><th>Description<\/th><\/tr><\/thead><tbody><tr><td>T7FC045<\/td><td>Mahrut\u0131 Large Bear\u0131ng<\/td><td>JW 4549 \/ 4510<\/td><\/tr><tr><td>30307 DJR<\/td><td>Mahrut\u0131 Small Bear\u0131ng<\/td><td>KEST G 3580<\/td><\/tr><tr><td>LM 806649 \/ 610<\/td><td>S\u0131de Adjustment Bear\u0131ng<\/td><td>LT 35<\/td><\/tr><tr><td>32012 JR<\/td><td>S\u0131de Adjustment Bear\u0131ng<\/td><td>Big Head<\/td><\/tr><tr><td>M 88010 N \/ 043 N<\/td><td>Mahrut\u0131 Small Bear\u0131ng<\/td><td>VW LT 35<\/td><\/tr><tr><td>SKT 047888 &#8211; V<\/td><td>Mahrut\u0131 Felt<\/td><td>Spr\u0131nter<\/td><\/tr><tr><td>SET 251<\/td><td>Big Head Bear\u0131ng Set<\/td><td>Felt<\/td><\/tr><tr><td>SET 253<\/td><td>VW Volt LT35 Bear\u0131ng Set<\/td><td><\/td><\/tr><\/tbody><\/table><\/figure>","protected":false},"excerpt":{"rendered":"<p>ROCKWELL \/ FUWA BEARINGS Part No Definition Description BCI B&hellip;<\/p>\n<p> <a class=\"more-link\" href=\"https:\/\/baysalmanoto.com\/en\/eurocambi-rockwell-fuwa-diferansiyel-rulmanlari\/\">Daha fazla oku<\/a><\/p>\n","protected":false},"author":1,"featured_media":0,"parent":0,"menu_order":0,"comment_status":"closed","ping_status":"closed","template":"","meta":{"footnotes":""},"class_list":["post-11802","page","type-page","status-publish"],"_links":{"self":[{"href":"https:\/\/baysalmanoto.com\/en\/wp-json\/wp\/v2\/pages\/11802","targetHints":{"allow":["GET"]}}],"collection":[{"href":"https:\/\/baysalmanoto.com\/en\/wp-json\/wp\/v2\/pages"}],"about":[{"href":"https:\/\/baysalmanoto.com\/en\/wp-json\/wp\/v2\/types\/page"}],"author":[{"embeddable":true,"href":"https:\/\/baysalmanoto.com\/en\/wp-json\/wp\/v2\/users\/1"}],"replies":[{"embeddable":true,"href":"https:\/\/baysalmanoto.com\/en\/wp-json\/wp\/v2\/comments?post=11802"}],"version-history":[{"count":7,"href":"https:\/\/baysalmanoto.com\/en\/wp-json\/wp\/v2\/pages\/11802\/revisions"}],"predecessor-version":[{"id":12150,"href":"https:\/\/baysalmanoto.com\/en\/wp-json\/wp\/v2\/pages\/11802\/revisions\/12150"}],"wp:attachment":[{"href":"https:\/\/baysalmanoto.com\/en\/wp-json\/wp\/v2\/media?parent=11802"}],"curies":[{"name":"wp","href":"https:\/\/api.w.org\/{rel}","templated":true}]}}