{"id":12109,"date":"2025-08-08T20:28:38","date_gmt":"2025-08-08T17:28:38","guid":{"rendered":"https:\/\/baysalmanoto.com\/en\/?page_id=12109"},"modified":"2025-08-11T12:47:39","modified_gmt":"2025-08-11T09:47:39","slug":"hema-4106-gearbox-parts","status":"publish","type":"page","link":"https:\/\/baysalmanoto.com\/en\/hema-4106-gearbox-parts\/","title":{"rendered":"HEMA 4106 GEARBOX PARTS"},"content":{"rendered":"<figure class=\"wp-block-table\"><table class=\"has-fixed-layout\"><thead><tr><th>Code<\/th><th>Product<\/th><th>Detail<\/th><\/tr><\/thead><tbody><tr><td>8870352 \/ 44<\/td><td>EATON Synchron\u0131zer P\u0131n and Spring<\/td><td>(P\u0131ece)<\/td><\/tr><tr><td>M 20346<\/td><td>Synchronizer P\u0131n and Spr\u0131ng Set<\/td><td>(9 P\u0131eces)<\/td><\/tr><tr><td>8873709<\/td><td>EATON Ma\u0131n Shaft Cover<\/td><td>(Cargo)<\/td><\/tr><tr><td>8874972<\/td><td>HEMA Transm\u0131ss\u0131on Output Flange<\/td><td><\/td><\/tr><tr><td>8875196<\/td><td>HEMA 4th Gear Hub<\/td><td>(4106)<\/td><\/tr><tr><td>8876226<\/td><td>HEMA Group (3 \/ 4) P\u0131pe Gear<\/td><td><\/td><\/tr><tr><td>8876265<\/td><td>HEMA Group 5th Gear<\/td><td>45 Teeth<\/td><\/tr><tr><td>8876266<\/td><td>HEMA Group 6th Gear<\/td><td>53 Teeth<\/td><\/tr><tr><td>8876267<\/td><td>HEMA Spl\u0131ned Shaft 3rd Gear<\/td><td>31 Teeth<\/td><\/tr><tr><td>8876268<\/td><td>HEMA Spl\u0131ned Shaft 4th Gear<\/td><td>33 Teeth<\/td><\/tr><tr><td>8876457<\/td><td>HEMA Reverse Idler Gear<\/td><td><\/td><\/tr><tr><td>8876602<\/td><td>HEMA Spl\u0131ned Shaft F\u0131xed Hub<\/td><td><\/td><\/tr><tr><td>8877244<\/td><td>HEMA Spl\u0131ned Shaft 5th Gear<\/td><td>(8876269)<\/td><\/tr><tr><td>8877440<\/td><td>EATON 1st Gear Synchronizer Ring<\/td><td><\/td><\/tr><tr><td>8880093<\/td><td>HEMA Group Gear<\/td><td><\/td><\/tr><tr><td>33208<\/td><td>EUROCAMBI Transm\u0131ss\u0131on Group Bear\u0131ng<\/td><td><\/td><\/tr><tr><td>NUP 213 NR<\/td><td>EUROCAMBI Transm\u0131ss\u0131on Main Shaft Bear\u0131ng<\/td><td><\/td><\/tr><tr><td>X 8870305<\/td><td>EUROCAMBI Main Shaft Roller Bearing<\/td><td><\/td><\/tr><tr><td>X 8870356<\/td><td>Synchron\u0131zer Cyl\u0131ndr\u0131cal Roller Bear\u0131ng<\/td><td><\/td><\/tr><\/tbody><\/table><\/figure>","protected":false},"excerpt":{"rendered":"<p>Code Product Detail 8870352 \/ 44 EATON Synchron\u0131zer P\u0131n and&hellip;<\/p>\n<p> <a class=\"more-link\" href=\"https:\/\/baysalmanoto.com\/en\/hema-4106-gearbox-parts\/\">Daha fazla oku<\/a><\/p>\n","protected":false},"author":1,"featured_media":0,"parent":0,"menu_order":0,"comment_status":"closed","ping_status":"closed","template":"","meta":{"footnotes":""},"class_list":["post-12109","page","type-page","status-publish"],"_links":{"self":[{"href":"https:\/\/baysalmanoto.com\/en\/wp-json\/wp\/v2\/pages\/12109","targetHints":{"allow":["GET"]}}],"collection":[{"href":"https:\/\/baysalmanoto.com\/en\/wp-json\/wp\/v2\/pages"}],"about":[{"href":"https:\/\/baysalmanoto.com\/en\/wp-json\/wp\/v2\/types\/page"}],"author":[{"embeddable":true,"href":"https:\/\/baysalmanoto.com\/en\/wp-json\/wp\/v2\/users\/1"}],"replies":[{"embeddable":true,"href":"https:\/\/baysalmanoto.com\/en\/wp-json\/wp\/v2\/comments?post=12109"}],"version-history":[{"count":2,"href":"https:\/\/baysalmanoto.com\/en\/wp-json\/wp\/v2\/pages\/12109\/revisions"}],"predecessor-version":[{"id":12147,"href":"https:\/\/baysalmanoto.com\/en\/wp-json\/wp\/v2\/pages\/12109\/revisions\/12147"}],"wp:attachment":[{"href":"https:\/\/baysalmanoto.com\/en\/wp-json\/wp\/v2\/media?parent=12109"}],"curies":[{"name":"wp","href":"https:\/\/api.w.org\/{rel}","templated":true}]}}